{"id":1151,"date":"2026-03-20T13:27:45","date_gmt":"2026-03-20T12:27:45","guid":{"rendered":"https:\/\/www.luomi-design.com\/?post_type=product&#038;p=1151"},"modified":"2026-03-20T13:32:42","modified_gmt":"2026-03-20T12:32:42","slug":"beistelltisch-lopi-gruen-2","status":"publish","type":"product","link":"https:\/\/www.luomi-design.com\/en\/product\/beistelltisch-lopi-gruen-2\/","title":{"rendered":"Beistelltisch &#8222;Fleur&#8220;"},"content":{"rendered":"<p>Ma\u00dfe: B 36 cm x T 36 cm x H 34 cm<\/p>\n<p>Material: MDF lacquered<\/p>\n<p>Das M\u00f6belst\u00fcck zeichnet sich durch eine moderne, unkonventionelle Formgebung aus, die zugunsten der \u00c4sthetik eine gewisse Flexibilit\u00e4t in der Stabilit\u00e4t aufweist.<\/p>\n<p>Der Tisch ist handgemacht und kann Unebenheiten oder kleine Lackfehler aufweisen.<\/p>","protected":false},"excerpt":{"rendered":"<p>Der Beistelltisch \u201eFleur&#8220; ist der Farbtupfer f\u00fcr Dein Zuhause. Mit dem extravaganten und dynamischen Design ist der Tisch der Hingucker in deiner Wohnung.<\/p>","protected":false},"featured_media":1158,"template":"","meta":[],"product_brand":[],"product_cat":[58],"product_tag":[],"class_list":{"0":"post-1151","1":"product","2":"type-product","3":"status-publish","4":"has-post-thumbnail","6":"product_cat-fleur","7":"product_shipping_class-moebel","8":"entry","10":"first","11":"instock","12":"shipping-taxable","13":"purchasable","14":"product-type-simple"},"_links":{"self":[{"href":"https:\/\/www.luomi-design.com\/en\/wp-json\/wp\/v2\/product\/1151","targetHints":{"allow":["GET"]}}],"collection":[{"href":"https:\/\/www.luomi-design.com\/en\/wp-json\/wp\/v2\/product"}],"about":[{"href":"https:\/\/www.luomi-design.com\/en\/wp-json\/wp\/v2\/types\/product"}],"wp:featuredmedia":[{"embeddable":true,"href":"https:\/\/www.luomi-design.com\/en\/wp-json\/wp\/v2\/media\/1158"}],"wp:attachment":[{"href":"https:\/\/www.luomi-design.com\/en\/wp-json\/wp\/v2\/media?parent=1151"}],"wp:term":[{"taxonomy":"product_brand","embeddable":true,"href":"https:\/\/www.luomi-design.com\/en\/wp-json\/wp\/v2\/product_brand?post=1151"},{"taxonomy":"product_cat","embeddable":true,"href":"https:\/\/www.luomi-design.com\/en\/wp-json\/wp\/v2\/product_cat?post=1151"},{"taxonomy":"product_tag","embeddable":true,"href":"https:\/\/www.luomi-design.com\/en\/wp-json\/wp\/v2\/product_tag?post=1151"}],"curies":[{"name":"wp","href":"https:\/\/api.w.org\/{rel}","templated":true}]}}