{"id":694,"date":"2024-06-30T16:18:39","date_gmt":"2024-06-30T14:18:39","guid":{"rendered":"https:\/\/www.luomi-design.com\/?post_type=product&#038;p=694"},"modified":"2026-03-27T19:54:14","modified_gmt":"2026-03-27T18:54:14","slug":"tensegrity-table-oak","status":"publish","type":"product","link":"https:\/\/www.luomi-design.com\/en\/product\/tensegrity-table-oak\/","title":{"rendered":"Tensegrity table &#8222;Shaky&#8220;"},"content":{"rendered":"<p>Material<\/p>\n<p>Tischplatte: Eichenholz<\/p>\n<p>Gestell: Lackiertes Holz + Drahtseile<\/p>\n<p>Dimensions<\/p>\n<p>B 30,0 cm<\/p>\n<p>T 30,0 cm<\/p>\n<p>H 49,0 cm<\/p>\n<p>Der Artikel wird vollst\u00e4ndig montiert versand.<\/p>","protected":false},"excerpt":{"rendered":"<p>Dekorativer \u201cgespannter Schwebetisch\u201d (Tensegrity Table).<\/p>\n<p>Der Tisch ist der Hingucker in deiner Wohnung. Durch das verbl\u00fcffende Design und die scheinbare Schwerelosigkeit verbl\u00fcffen und faszinieren Sie Ihre G\u00e4ste und wird definitiv immer zum Gespr\u00e4chsthema.<\/p>","protected":false},"featured_media":1133,"template":"","meta":[],"product_brand":[],"product_cat":[38],"product_tag":[43,42,39,46,41,40],"class_list":{"0":"post-694","1":"product","2":"type-product","3":"status-publish","4":"has-post-thumbnail","6":"product_cat-tensegrity","7":"product_tag-anti-gravity","8":"product_tag-floating-table","9":"product_tag-magic-table","10":"product_tag-physik","11":"product_tag-schwebetisch","12":"product_tag-tensegrity","13":"product_shipping_class-moebel","14":"entry","16":"first","17":"instock","18":"shipping-taxable","19":"purchasable","20":"product-type-simple"},"_links":{"self":[{"href":"https:\/\/www.luomi-design.com\/en\/wp-json\/wp\/v2\/product\/694","targetHints":{"allow":["GET"]}}],"collection":[{"href":"https:\/\/www.luomi-design.com\/en\/wp-json\/wp\/v2\/product"}],"about":[{"href":"https:\/\/www.luomi-design.com\/en\/wp-json\/wp\/v2\/types\/product"}],"wp:featuredmedia":[{"embeddable":true,"href":"https:\/\/www.luomi-design.com\/en\/wp-json\/wp\/v2\/media\/1133"}],"wp:attachment":[{"href":"https:\/\/www.luomi-design.com\/en\/wp-json\/wp\/v2\/media?parent=694"}],"wp:term":[{"taxonomy":"product_brand","embeddable":true,"href":"https:\/\/www.luomi-design.com\/en\/wp-json\/wp\/v2\/product_brand?post=694"},{"taxonomy":"product_cat","embeddable":true,"href":"https:\/\/www.luomi-design.com\/en\/wp-json\/wp\/v2\/product_cat?post=694"},{"taxonomy":"product_tag","embeddable":true,"href":"https:\/\/www.luomi-design.com\/en\/wp-json\/wp\/v2\/product_tag?post=694"}],"curies":[{"name":"wp","href":"https:\/\/api.w.org\/{rel}","templated":true}]}}