{"id":704,"date":"2024-06-30T18:28:59","date_gmt":"2024-06-30T16:28:59","guid":{"rendered":"https:\/\/www.luomi-design.com\/?post_type=product&#038;p=704"},"modified":"2025-06-07T14:14:00","modified_gmt":"2025-06-07T12:14:00","slug":"tensegrity-table-shaky-green","status":"publish","type":"product","link":"https:\/\/www.luomi-design.com\/en\/product\/tensegrity-table-shaky-green\/","title":{"rendered":"Tensegrity table &#8222;Shaky&#8220;"},"content":{"rendered":"<p>Material<br \/>\nTischplatte: MDF lackiert<br \/>\nGestell: Lackiertes Holz + Drahtseile<\/p>\n<p>Dimensions<br \/>\nB 30 cm<br \/>\nT 30 cm<br \/>\nH 51 cm<\/p>\n<p>Auf Anfrage auch in anderen Farben erh\u00e4ltlich<\/p>\n<p>Der Artikel wird vollst\u00e4ndig montiert versand.<\/p>","protected":false},"excerpt":{"rendered":"<p>Dekorativer &#8222;gespannter Schwebetisch&#8220; (Tensegrity Table).<\/p>\n<p>Der Tisch ist der Hingucker in deiner Wohnung. Durch das verbl\u00fcffende Design und die scheinbare Schwerelosigkeit verbl\u00fcffen und faszinieren Sie Ihre G\u00e4ste und wird definitiv immer zum Gespr\u00e4chsthema.<\/p>","protected":false},"featured_media":715,"template":"","meta":[],"product_brand":[],"product_cat":[38],"product_tag":[39,41,40],"class_list":{"0":"post-704","1":"product","2":"type-product","3":"status-publish","4":"has-post-thumbnail","6":"product_cat-tensegrity","7":"product_tag-magic-table","8":"product_tag-schwebetisch","9":"product_tag-tensegrity","10":"product_shipping_class-moebel","11":"entry","13":"first","14":"instock","15":"shipping-taxable","16":"purchasable","17":"product-type-simple"},"_links":{"self":[{"href":"https:\/\/www.luomi-design.com\/en\/wp-json\/wp\/v2\/product\/704","targetHints":{"allow":["GET"]}}],"collection":[{"href":"https:\/\/www.luomi-design.com\/en\/wp-json\/wp\/v2\/product"}],"about":[{"href":"https:\/\/www.luomi-design.com\/en\/wp-json\/wp\/v2\/types\/product"}],"wp:featuredmedia":[{"embeddable":true,"href":"https:\/\/www.luomi-design.com\/en\/wp-json\/wp\/v2\/media\/715"}],"wp:attachment":[{"href":"https:\/\/www.luomi-design.com\/en\/wp-json\/wp\/v2\/media?parent=704"}],"wp:term":[{"taxonomy":"product_brand","embeddable":true,"href":"https:\/\/www.luomi-design.com\/en\/wp-json\/wp\/v2\/product_brand?post=704"},{"taxonomy":"product_cat","embeddable":true,"href":"https:\/\/www.luomi-design.com\/en\/wp-json\/wp\/v2\/product_cat?post=704"},{"taxonomy":"product_tag","embeddable":true,"href":"https:\/\/www.luomi-design.com\/en\/wp-json\/wp\/v2\/product_tag?post=704"}],"curies":[{"name":"wp","href":"https:\/\/api.w.org\/{rel}","templated":true}]}}