{"id":729,"date":"2024-06-30T19:46:34","date_gmt":"2024-06-30T17:46:34","guid":{"rendered":"https:\/\/www.luomi-design.com\/?post_type=product&#038;p=729"},"modified":"2024-06-30T20:17:46","modified_gmt":"2024-06-30T18:17:46","slug":"tensegrity-table-shaky-blue","status":"publish","type":"product","link":"https:\/\/www.luomi-design.com\/en\/product\/tensegrity-table-shaky-blue\/","title":{"rendered":"Tensegrity table &#8222;Shaky&#8220;"},"content":{"rendered":"<p>Material<br \/>\nTischplatte: MDF lackiert<br \/>\nGestell: Lackiertes Holz + Drahtseile<\/p>\n<p>Dimensions<br \/>\nB 30 cm<br \/>\nT 30 cm<br \/>\nH 49,5 cm<\/p>\n<p>Auf Anfrage auch in anderen Farben erh\u00e4ltlich<\/p>\n<p>Der Artikel wird vollst\u00e4ndig montiert versand.<\/p>","protected":false},"excerpt":{"rendered":"<p>Dekorativer &#8222;gespannter Schwebetisch&#8220; (Tensegrity Table).<\/p>\n<p>Der Tisch ist der Hingucker in deiner Wohnung. Durch das verbl\u00fcffende Design und die scheinbare Schwerelosigkeit verbl\u00fcffen und faszinieren Sie Ihre G\u00e4ste und wird definitiv immer zum Gespr\u00e4chsthema.<\/p>","protected":false},"featured_media":750,"template":"","meta":[],"product_brand":[],"product_cat":[38],"product_tag":[43,42,39,41,40],"class_list":{"0":"post-729","1":"product","2":"type-product","3":"status-publish","4":"has-post-thumbnail","6":"product_cat-tensegrity","7":"product_tag-anti-gravity","8":"product_tag-floating-table","9":"product_tag-magic-table","10":"product_tag-schwebetisch","11":"product_tag-tensegrity","12":"product_shipping_class-moebel","13":"entry","15":"first","16":"instock","17":"shipping-taxable","18":"purchasable","19":"product-type-simple"},"_links":{"self":[{"href":"https:\/\/www.luomi-design.com\/en\/wp-json\/wp\/v2\/product\/729","targetHints":{"allow":["GET"]}}],"collection":[{"href":"https:\/\/www.luomi-design.com\/en\/wp-json\/wp\/v2\/product"}],"about":[{"href":"https:\/\/www.luomi-design.com\/en\/wp-json\/wp\/v2\/types\/product"}],"wp:featuredmedia":[{"embeddable":true,"href":"https:\/\/www.luomi-design.com\/en\/wp-json\/wp\/v2\/media\/750"}],"wp:attachment":[{"href":"https:\/\/www.luomi-design.com\/en\/wp-json\/wp\/v2\/media?parent=729"}],"wp:term":[{"taxonomy":"product_brand","embeddable":true,"href":"https:\/\/www.luomi-design.com\/en\/wp-json\/wp\/v2\/product_brand?post=729"},{"taxonomy":"product_cat","embeddable":true,"href":"https:\/\/www.luomi-design.com\/en\/wp-json\/wp\/v2\/product_cat?post=729"},{"taxonomy":"product_tag","embeddable":true,"href":"https:\/\/www.luomi-design.com\/en\/wp-json\/wp\/v2\/product_tag?post=729"}],"curies":[{"name":"wp","href":"https:\/\/api.w.org\/{rel}","templated":true}]}}